{"id":70,"date":"2021-09-16T14:18:03","date_gmt":"2021-09-16T12:18:03","guid":{"rendered":"https:\/\/www.rollie-event.de\/?page_id=70"},"modified":"2024-06-24T12:20:57","modified_gmt":"2024-06-24T10:20:57","slug":"impressum","status":"publish","type":"page","link":"https:\/\/www.rolli-event.net\/?page_id=70","title":{"rendered":"Impressum"},"content":{"rendered":"\n<p><strong>Angaben gem\u00e4\u00df \u00a7 5 TMG:<\/strong><\/p>\n\n\n\n<p>Rolli-Event gGmbH<\/p>\n\n\n\n<p>Marie-Curie-Str. 12<br>21337  L\u00fcneburg<br><\/p>\n\n\n\n<p><strong>Vertreten durch:<\/strong><\/p>\n\n\n\n<p>Arnold Steeg<br>Gesch\u00e4ftsf\u00fchrender Gesellschafter<\/p>\n\n\n\n<p><strong>Kontakt:<\/strong><\/p>\n\n\n\n<p>Telefon: 0170 \/ 554 88 48<br>E-Mail: mail@rolli-event.net<\/p>\n\n\n\n<p><strong>Amtsgericht L\u00fcneburg:<\/strong> HRB 210521<br><strong>Steuernummer:<\/strong> 33\/240\/01204<\/p>\n\n\n\n<p><strong>UST-ID:<\/strong> DE353978380<\/p>\n\n\n\n<p><strong>Bankverbindung \/ Spendenkonto:<\/strong><\/p>\n\n\n\n<p>Sparkasse L\u00fcneburg<br>IBAN: DE24 2405 0110 0065 8581 10<br>BIC: NOLADE21LBG<\/p>\n","protected":false},"excerpt":{"rendered":"<p>Angaben gem\u00e4\u00df \u00a7 5 TMG: Rolli-Event gGmbH Marie-Curie-Str. 1221337 L\u00fcneburg Vertreten durch: Arnold SteegGesch\u00e4ftsf\u00fchrender Gesellschafter Kontakt: Telefon: 0170 \/ 554 88 48E-Mail: mail@rolli-event.net Amtsgericht L\u00fcneburg: HRB 210521Steuernummer: 33\/240\/01204 UST-ID: DE353978380 Bankverbindung \/ Spendenkonto: Sparkasse L\u00fcneburgIBAN: DE24 2405 0110 0065 8581 10BIC: NOLADE21LBG<\/p>\n","protected":false},"author":1,"featured_media":0,"parent":0,"menu_order":0,"comment_status":"closed","ping_status":"closed","template":"page_12.php","meta":{"footnotes":""},"class_list":["post-70","page","type-page","status-publish","hentry"],"_links":{"self":[{"href":"https:\/\/www.rolli-event.net\/index.php?rest_route=\/wp\/v2\/pages\/70","targetHints":{"allow":["GET"]}}],"collection":[{"href":"https:\/\/www.rolli-event.net\/index.php?rest_route=\/wp\/v2\/pages"}],"about":[{"href":"https:\/\/www.rolli-event.net\/index.php?rest_route=\/wp\/v2\/types\/page"}],"author":[{"embeddable":true,"href":"https:\/\/www.rolli-event.net\/index.php?rest_route=\/wp\/v2\/users\/1"}],"replies":[{"embeddable":true,"href":"https:\/\/www.rolli-event.net\/index.php?rest_route=%2Fwp%2Fv2%2Fcomments&post=70"}],"version-history":[{"count":8,"href":"https:\/\/www.rolli-event.net\/index.php?rest_route=\/wp\/v2\/pages\/70\/revisions"}],"predecessor-version":[{"id":253,"href":"https:\/\/www.rolli-event.net\/index.php?rest_route=\/wp\/v2\/pages\/70\/revisions\/253"}],"wp:attachment":[{"href":"https:\/\/www.rolli-event.net\/index.php?rest_route=%2Fwp%2Fv2%2Fmedia&parent=70"}],"curies":[{"name":"wp","href":"https:\/\/api.w.org\/{rel}","templated":true}]}}